{"id":44155,"date":"2023-12-19T08:13:33","date_gmt":"2023-12-19T08:13:33","guid":{"rendered":"https:\/\/invoiceninja.com\/ja\/"},"modified":"2025-09-23T15:45:58","modified_gmt":"2025-09-23T15:45:58","slug":"ja","status":"publish","type":"page","link":"https:\/\/invoiceninja.com\/de\/ja\/","title":{"rendered":"Ja!"},"content":{"rendered":"\t\t<div data-elementor-type=\"wp-page\" data-elementor-id=\"44155\" class=\"elementor elementor-44155 elementor-36276\" data-elementor-post-type=\"page\">\n\t\t\t\t<div class=\"has_ae_slider elementor-element elementor-element-1192aeb e-flex e-con-boxed ae-bg-gallery-type-default e-con e-parent\" data-id=\"1192aeb\" data-element_type=\"container\" data-e-type=\"container\">\n\t\t\t\t\t<div class=\"e-con-inner\">\n\t\t<div class=\"has_ae_slider elementor-element elementor-element-bbb8e7c e-flex e-con-boxed ae-bg-gallery-type-default e-con e-child\" data-id=\"bbb8e7c\" data-element_type=\"container\" data-e-type=\"container\">\n\t\t\t\t\t<div class=\"e-con-inner\">\n\t\t<div class=\"has_ae_slider elementor-element elementor-element-cfbb6d8 e-con-full e-flex ae-bg-gallery-type-default e-con e-child\" data-id=\"cfbb6d8\" data-element_type=\"container\" data-e-type=\"container\" data-settings=\"{&quot;background_background&quot;:&quot;classic&quot;}\">\n\t\t\t\t<div class=\"elementor-element elementor-element-2d31f81 elementor-widget elementor-widget-heading\" data-id=\"2d31f81\" data-element_type=\"widget\" data-e-type=\"widget\" data-widget_type=\"heading.default\">\n\t\t\t\t<div class=\"elementor-widget-container\">\n\t\t\t\t\t<h1 class=\"elementor-heading-title elementor-size-default\">Mit <span class=\"highlight-text\">Invoice Ninja<\/span> lautet die Antwort immer JA!<\/h1>\t\t\t\t<\/div>\n\t\t\t\t<\/div>\n\t\t\t\t<\/div>\n\t\t<div class=\"has_ae_slider elementor-element elementor-element-ce4c238 e-con-full e-flex ae-bg-gallery-type-default e-con e-child\" data-id=\"ce4c238\" data-element_type=\"container\" data-e-type=\"container\">\n\t\t\t\t<div class=\"elementor-element elementor-element-8eda84b elementor-align-justify elementor-widget elementor-widget-button\" data-id=\"8eda84b\" data-element_type=\"widget\" data-e-type=\"widget\" data-widget_type=\"button.default\">\n\t\t\t\t<div class=\"elementor-widget-container\">\n\t\t\t\t\t\t\t\t\t<div class=\"elementor-button-wrapper\">\n\t\t\t\t\t<a class=\"elementor-button elementor-button-link elementor-size-sm\" href=\"#\">\n\t\t\t\t\t\t<span class=\"elementor-button-content-wrapper\">\n\t\t\t\t\t\t\t\t\t<span class=\"elementor-button-text\">JA!<\/span>\n\t\t\t\t\t<\/span>\n\t\t\t\t\t<\/a>\n\t\t\t\t<\/div>\n\t\t\t\t\t\t\t\t<\/div>\n\t\t\t\t<\/div>\n\t\t\t\t<\/div>\n\t\t\t\t\t<\/div>\n\t\t\t\t<\/div>\n\t\t<div class=\"has_ae_slider elementor-element elementor-element-470003c e-flex e-con-boxed ae-bg-gallery-type-default e-con e-child\" data-id=\"470003c\" data-element_type=\"container\" data-e-type=\"container\" data-settings=\"{&quot;background_background&quot;:&quot;classic&quot;}\">\n\t\t\t\t\t<div class=\"e-con-inner\">\n\t\t<div class=\"has_ae_slider elementor-element elementor-element-d5b6c01 e-flex e-con-boxed ae-bg-gallery-type-default e-con e-child\" data-id=\"d5b6c01\" data-element_type=\"container\" data-e-type=\"container\" data-settings=\"{&quot;background_background&quot;:&quot;classic&quot;}\">\n\t\t\t\t\t<div class=\"e-con-inner\">\n\t\t\t\t<div class=\"elementor-element elementor-element-7fbaae6 elementor-widget elementor-widget-heading\" data-id=\"7fbaae6\" data-element_type=\"widget\" data-e-type=\"widget\" data-widget_type=\"heading.default\">\n\t\t\t\t<div class=\"elementor-widget-container\">\n\t\t\t\t\t<h2 class=\"elementor-heading-title elementor-size-default\">JA!<\/h2>\t\t\t\t<\/div>\n\t\t\t\t<\/div>\n\t\t\t\t<div class=\"elementor-element elementor-element-fd79e99 elementor-widget elementor-widget-text-editor\" data-id=\"fd79e99\" data-element_type=\"widget\" data-e-type=\"widget\" data-widget_type=\"text-editor.default\">\n\t\t\t\t<div class=\"elementor-widget-container\">\n\t\t\t\t\t\t\t\t\t<ul><li>Ist Invoice Ninja wirklich <span class=\"highlight-text\"> KOSTENLOS?<\/span><\/li><li>Ist Invoice Ninja <span class=\"highlight-text\">PCI konform und sicher?<\/span><\/li><li><span class=\"highlight-text\">Mein Logo hochladen<\/span> und die Farben an meine Marke anpassen?<\/li><li>Mehrere &#8222;<span class=\"highlight-text\">Payment Gateways<\/span>&#8220; gleichzeitig integrieren? Stripe, PayPal, Authorize, Braintree, Square, Checkout, PayFast &amp; andere? <\/li><li><span class=\"highlight-text\">Mindest- und H\u00f6chstbetr\u00e4ge<\/span> f\u00fcr Kreditkartenzahlungen einrichten?<\/li><li>Die Bearbeitungsgeb\u00fchr f\u00fcr <span class=\"highlight-text\">die Kreditkarte<\/span> in % an meine Kunden weitergeben?<\/li><li><span class=\"highlight-text\">Zus\u00e4tzliche Dateien und Dokumente an<\/span> Rechnungen und Angebots-E-Mails anh\u00e4ngen?<\/li><li>Kontobenutzer hinzuf\u00fcgen und <span class=\"highlight-text\">Berechtigungen f\u00fcr das festlegen<\/span> , was sie anzeigen oder erstellen?<\/li><li>Bieten Sie eine <span class=\"highlight-text\">Bestandsverwaltung <\/span>an, die aktualisiert wird, wenn ich Rechnungen erstelle?<\/li><li>Bieten Sie ein <span class=\"highlight-text\">clientseitiges Portal<\/span> f\u00fcr die Einsicht von Angeboten und die Bezahlung von Rechnungen an?<\/li><li>Bieten Sie eine <span class=\"highlight-text\">E-Signatur-Funktion<\/span> an, um die Unterschrift des Kunden auf Rechnungen anzuzeigen?<\/li><li>Aktivieren Sie ein<span class=\"highlight-text\"> Kontrollk\u00e4stchen<\/span> &#8222;Bedingungen akzeptieren&#8220;, bevor Kunden bezahlen?<\/li><li><span class=\"highlight-text\">Senden Sie Rechnungen gleichzeitig an mehrere<\/span> E-Mail-Kontakte von Kunden?<\/li><li>K\u00f6nnen Kunden Angebote genehmigen, um sie in <span class=\"highlight-text\">zahlbare Rechnungen umzuwandeln?<\/span><\/li><li><span class=\"highlight-text\">Unterschiedliche W\u00e4hrungen &amp; W\u00e4hrungen<\/span> f\u00fcr verschiedene Kunden festlegen?<\/li><li><span class=\"highlight-text\">Kann ich benachrichtigt werden<\/span> , wenn meine Kunden Rechnungen einsehen oder bezahlen?<\/li><li>&#8220; <span class=\"highlight-text\">inklusive&#8220;<\/span> oder <span class=\"highlight-text\">&#8222;exklusive<\/span> Steuern pro Kunde oder Rechnung&#8220; festlegen?<\/li><li><span class=\"highlight-text\">Mehrere Steuern<\/span> pro Einzelposten oder pro Rechnungssumme festlegen?<\/li><li><span class=\"highlight-text\">Automatisieren Sie die Besteuerung<\/span> basierend auf dem Standort meiner Kunden?<\/li><\/ul>\t\t\t\t\t\t\t\t<\/div>\n\t\t\t\t<\/div>\n\t\t\t\t\t<\/div>\n\t\t\t\t<\/div>\n\t\t\t\t<div class=\"elementor-element elementor-element-c5426f0 elementor-widget elementor-widget-heading\" data-id=\"c5426f0\" data-element_type=\"widget\" data-e-type=\"widget\" data-widget_type=\"heading.default\">\n\t\t\t\t<div class=\"elementor-widget-container\">\n\t\t\t\t\t<h2 class=\"elementor-heading-title elementor-size-default\">JA!<\/h2>\t\t\t\t<\/div>\n\t\t\t\t<\/div>\n\t\t<div class=\"has_ae_slider elementor-element elementor-element-b9720a7 e-flex e-con-boxed ae-bg-gallery-type-default e-con e-child\" data-id=\"b9720a7\" data-element_type=\"container\" data-e-type=\"container\" data-settings=\"{&quot;background_background&quot;:&quot;classic&quot;}\">\n\t\t\t\t\t<div class=\"e-con-inner\">\n\t\t\t\t<div class=\"elementor-element elementor-element-f65037c elementor-widget elementor-widget-text-editor\" data-id=\"f65037c\" data-element_type=\"widget\" data-e-type=\"widget\" data-widget_type=\"text-editor.default\">\n\t\t\t\t<div class=\"elementor-widget-container\">\n\t\t\t\t\t\t\t\t\t<ul>\n \t<li>Integration mit <span class=\"highlight-text\">Tools von Drittanbietern<\/span> \u00fcber Zapier.com oder make.com?<\/li>\n \t<li>K\u00f6nnen wir <span class=\"highlight-text\">alle unsere Daten jederzeit exportieren<\/span> ?<\/li>\n \t<li>K\u00f6nnen wir <span class=\"highlight-text\">fertige Arbeiten<\/span> \u00fcber Invoice Ninja an unsere Kunden liefern?<\/li>\n \t<li>K\u00f6nnen wir Invoice Ninja ohne <span class=\"highlight-text\">langfristigen Vertrag<\/span> nutzen?<\/li>\n \t<li>K\u00f6nnen wir <span class=\"highlight-text\">gleichzeitige Projekte<\/span> auf Invoice Ninja durchf\u00fchren?<\/li>\n \t<li><span class=\"highlight-text\">Lieferanten erstellen<\/span> , um Ausgaben pro Kreditor einzugeben?<\/li>\n \t<li><span class=\"highlight-text\">Erstellen von Bestellungen<\/span> , die ich per E-Mail an Kreditoren senden kann<\/li>\n \t<li><span class=\"highlight-text\">Ausgaben f\u00fcr die Berichterstattung<\/span> und\/oder erneute Abrechnung an Kunden erstellen?<\/li>\n \t<li>Weisen Sie verschiedenen Kontobenutzern <span class=\"highlight-text\">Projekte oder Aufgaben zu?<\/span><\/li>\n \t<li><span class=\"highlight-text\">GuV-Berichte<\/span>, Zahlungs- und Rechnungsberichte, Kundenberichte erstellen?<\/li>\n \t<li>Projekte erstellen &amp; <span class=\"highlight-text\">abrechenbare Aufgaben zeiterfassen?<\/span><\/li>\n \t<li>Bieten Sie <span class=\"highlight-text\">Kanban-Boards<\/span> an, um Projekte visuell zu verwalten?<\/li>\n \t<li>Rechnungen \u00fcber <span class=\"highlight-text\">Gmail- oder MSN-Konten versenden?<\/span><\/li>\n \t<li>Erinnerungs-E-Mails <span class=\"highlight-text\">f\u00fcr \u00fcberf\u00e4llige Zahlungen automatisieren<\/span>?<\/li>\n \t<li>Hat Invoice Ninja eine <span class=\"highlight-text\">API?<\/span><\/li>\n \t<li><span class=\"highlight-text\">Bieten Sie Desktop-Apps, mobile Apps, Chrome-Erweiterungen an?<\/span><\/li>\n<\/ul>\t\t\t\t\t\t\t\t<\/div>\n\t\t\t\t<\/div>\n\t\t\t\t<div class=\"elementor-element elementor-element-f5f7dab elementor-widget elementor-widget-heading\" data-id=\"f5f7dab\" data-element_type=\"widget\" data-e-type=\"widget\" data-widget_type=\"heading.default\">\n\t\t\t\t<div class=\"elementor-widget-container\">\n\t\t\t\t\t<h2 class=\"elementor-heading-title elementor-size-default\">JA!<\/h2>\t\t\t\t<\/div>\n\t\t\t\t<\/div>\n\t\t\t\t\t<\/div>\n\t\t\t\t<\/div>\n\t\t\t\t\t<\/div>\n\t\t\t\t<\/div>\n\t\t\t\t\t<\/div>\n\t\t\t\t<\/div>\n\t\t<div class=\"has_ae_slider elementor-element elementor-element-9d4accd e-flex e-con-boxed ae-bg-gallery-type-default e-con e-parent\" data-id=\"9d4accd\" data-element_type=\"container\" data-e-type=\"container\" data-settings=\"{&quot;background_background&quot;:&quot;classic&quot;}\">\n\t\t\t\t\t<div class=\"e-con-inner\">\n\t\t\t\t<div class=\"elementor-element elementor-element-a6da33a elementor-widget elementor-widget-template\" data-id=\"a6da33a\" data-element_type=\"widget\" data-e-type=\"widget\" data-widget_type=\"template.default\">\n\t\t\t\t<div class=\"elementor-widget-container\">\n\t\t\t\t\t\t\t<div class=\"elementor-template\">\n\t\t\t\t\t<div data-elementor-type=\"section\" data-elementor-id=\"44464\" class=\"elementor elementor-44464 elementor-32129 elementor-32129\" data-elementor-post-type=\"elementor_library\">\n\t\t\t\t\t<section class=\"has_ae_slider elementor-section elementor-top-section elementor-element elementor-element-4204997e elementor-section-boxed elementor-section-height-default elementor-section-height-default ae-bg-gallery-type-default\" data-id=\"4204997e\" data-element_type=\"section\" data-e-type=\"section\">\n\t\t\t\t\t\t<div class=\"elementor-container elementor-column-gap-default\">\n\t\t\t\t\t<div class=\"has_ae_slider elementor-column elementor-col-100 elementor-top-column elementor-element elementor-element-7048892c ae-bg-gallery-type-default\" data-id=\"7048892c\" data-element_type=\"column\" data-e-type=\"column\">\n\t\t\t<div class=\"elementor-widget-wrap elementor-element-populated\">\n\t\t\t\t\t\t<div class=\"elementor-element elementor-element-38463018 elementor-widget elementor-widget-heading\" data-id=\"38463018\" data-element_type=\"widget\" data-e-type=\"widget\" data-widget_type=\"heading.default\">\n\t\t\t\t<div class=\"elementor-widget-container\">\n\t\t\t\t\t<h2 class=\"elementor-heading-title elementor-size-default\">Beginnen Sie noch heute mit der Rechnungsstellung!<\/h2>\t\t\t\t<\/div>\n\t\t\t\t<\/div>\n\t\t\t\t<div class=\"elementor-element elementor-element-60d16668 elementor-widget elementor-widget-text-editor\" data-id=\"60d16668\" data-element_type=\"widget\" data-e-type=\"widget\" data-widget_type=\"text-editor.default\">\n\t\t\t\t<div class=\"elementor-widget-container\">\n\t\t\t\t\t\t\t\t\t<p>Schaffen. Senden. Lassen Sie sich bezahlen.  <\/p>\t\t\t\t\t\t\t\t<\/div>\n\t\t\t\t<\/div>\n\t\t\t\t<div class=\"elementor-element elementor-element-2c4d8c8b elementor-align-center button-animation elementor-widget elementor-widget-button\" data-id=\"2c4d8c8b\" data-element_type=\"widget\" data-e-type=\"widget\" data-widget_type=\"button.default\">\n\t\t\t\t<div class=\"elementor-widget-container\">\n\t\t\t\t\t\t\t\t\t<div class=\"elementor-button-wrapper\">\n\t\t\t\t\t<a class=\"elementor-button elementor-button-link elementor-size-sm\" href=\"https:\/\/app.invoicing.co\/#\/register\" target=\"_blank\" rel=\"noopener\">\n\t\t\t\t\t\t<span class=\"elementor-button-content-wrapper\">\n\t\t\t\t\t\t<span class=\"elementor-button-icon\">\n\t\t\t\t<i aria-hidden=\"true\" class=\"fas fa-thumbs-up\"><\/i>\t\t\t<\/span>\n\t\t\t\t\t\t\t\t\t<span class=\"elementor-button-text\">Anmelden<\/span>\n\t\t\t\t\t<\/span>\n\t\t\t\t\t<\/a>\n\t\t\t\t<\/div>\n\t\t\t\t\t\t\t\t<\/div>\n\t\t\t\t<\/div>\n\t\t\t\t\t<\/div>\n\t\t<\/div>\n\t\t\t\t\t<\/div>\n\t\t<\/section>\n\t\t\t\t<\/div>\n\t\t\t\t<\/div>\n\t\t\t\t\t\t<\/div>\n\t\t\t\t<\/div>\n\t\t\t\t\t<\/div>\n\t\t\t\t<\/div>\n\t\t\t\t<\/div>\n\t\t","protected":false},"excerpt":{"rendered":"<p>Mit Invoice Ninja lautet die Antwort immer JA! JA! JA! Ist Invoice Ninja wirklich KOSTENLOS? Ist Invoice Ninja PCI konform und sicher? Mein Logo hochladen und die Farben an meine Marke anpassen? Mehrere &#8222;Payment Gateways&#8220; gleichzeitig integrieren? Stripe, PayPal, Authorize, Braintree, Square, Checkout, PayFast &amp; andere? Mindest- und H\u00f6chstbetr\u00e4ge f\u00fcr Kreditkartenzahlungen einrichten? Die Bearbeitungsgeb\u00fchr f\u00fcr [&hellip;]<\/p>\n","protected":false},"author":3,"featured_media":0,"parent":0,"menu_order":0,"comment_status":"closed","ping_status":"closed","template":"","meta":{"footnotes":""},"class_list":["post-44155","page","type-page","status-publish","hentry"],"_links":{"self":[{"href":"https:\/\/invoiceninja.com\/de\/wp-json\/wp\/v2\/pages\/44155","targetHints":{"allow":["GET"]}}],"collection":[{"href":"https:\/\/invoiceninja.com\/de\/wp-json\/wp\/v2\/pages"}],"about":[{"href":"https:\/\/invoiceninja.com\/de\/wp-json\/wp\/v2\/types\/page"}],"author":[{"embeddable":true,"href":"https:\/\/invoiceninja.com\/de\/wp-json\/wp\/v2\/users\/3"}],"replies":[{"embeddable":true,"href":"https:\/\/invoiceninja.com\/de\/wp-json\/wp\/v2\/comments?post=44155"}],"version-history":[{"count":1,"href":"https:\/\/invoiceninja.com\/de\/wp-json\/wp\/v2\/pages\/44155\/revisions"}],"predecessor-version":[{"id":44157,"href":"https:\/\/invoiceninja.com\/de\/wp-json\/wp\/v2\/pages\/44155\/revisions\/44157"}],"wp:attachment":[{"href":"https:\/\/invoiceninja.com\/de\/wp-json\/wp\/v2\/media?parent=44155"}],"curies":[{"name":"wp","href":"https:\/\/api.w.org\/{rel}","templated":true}]}}