{"id":44158,"date":"2023-12-19T08:13:33","date_gmt":"2023-12-19T08:13:33","guid":{"rendered":"https:\/\/invoiceninja.com\/oui\/"},"modified":"2025-09-23T15:45:58","modified_gmt":"2025-09-23T15:45:58","slug":"oui","status":"publish","type":"page","link":"https:\/\/invoiceninja.com\/fr\/oui\/","title":{"rendered":"Oui!"},"content":{"rendered":"\t\t<div data-elementor-type=\"wp-page\" data-elementor-id=\"44158\" class=\"elementor elementor-44158 elementor-36276\" data-elementor-post-type=\"page\">\n\t\t\t\t<div class=\"has_ae_slider elementor-element elementor-element-1192aeb e-flex e-con-boxed ae-bg-gallery-type-default e-con e-parent\" data-id=\"1192aeb\" data-element_type=\"container\" data-e-type=\"container\">\n\t\t\t\t\t<div class=\"e-con-inner\">\n\t\t<div class=\"has_ae_slider elementor-element elementor-element-bbb8e7c e-flex e-con-boxed ae-bg-gallery-type-default e-con e-child\" data-id=\"bbb8e7c\" data-element_type=\"container\" data-e-type=\"container\">\n\t\t\t\t\t<div class=\"e-con-inner\">\n\t\t<div class=\"has_ae_slider elementor-element elementor-element-cfbb6d8 e-con-full e-flex ae-bg-gallery-type-default e-con e-child\" data-id=\"cfbb6d8\" data-element_type=\"container\" data-e-type=\"container\" data-settings=\"{&quot;background_background&quot;:&quot;classic&quot;}\">\n\t\t\t\t<div class=\"elementor-element elementor-element-2d31f81 elementor-widget elementor-widget-heading\" data-id=\"2d31f81\" data-element_type=\"widget\" data-e-type=\"widget\" data-widget_type=\"heading.default\">\n\t\t\t\t<div class=\"elementor-widget-container\">\n\t\t\t\t\t<h1 class=\"elementor-heading-title elementor-size-default\">Avec <span class=\"highlight-text\">Invoice Ninja<\/span>, la r\u00e9ponse est toujours OUI !<\/h1>\t\t\t\t<\/div>\n\t\t\t\t<\/div>\n\t\t\t\t<\/div>\n\t\t<div class=\"has_ae_slider elementor-element elementor-element-ce4c238 e-con-full e-flex ae-bg-gallery-type-default e-con e-child\" data-id=\"ce4c238\" data-element_type=\"container\" data-e-type=\"container\">\n\t\t\t\t<div class=\"elementor-element elementor-element-8eda84b elementor-align-justify elementor-widget elementor-widget-button\" data-id=\"8eda84b\" data-element_type=\"widget\" data-e-type=\"widget\" data-widget_type=\"button.default\">\n\t\t\t\t<div class=\"elementor-widget-container\">\n\t\t\t\t\t\t\t\t\t<div class=\"elementor-button-wrapper\">\n\t\t\t\t\t<a class=\"elementor-button elementor-button-link elementor-size-sm\" href=\"#\">\n\t\t\t\t\t\t<span class=\"elementor-button-content-wrapper\">\n\t\t\t\t\t\t\t\t\t<span class=\"elementor-button-text\">OUI!<\/span>\n\t\t\t\t\t<\/span>\n\t\t\t\t\t<\/a>\n\t\t\t\t<\/div>\n\t\t\t\t\t\t\t\t<\/div>\n\t\t\t\t<\/div>\n\t\t\t\t<\/div>\n\t\t\t\t\t<\/div>\n\t\t\t\t<\/div>\n\t\t<div class=\"has_ae_slider elementor-element elementor-element-470003c e-flex e-con-boxed ae-bg-gallery-type-default e-con e-child\" data-id=\"470003c\" data-element_type=\"container\" data-e-type=\"container\" data-settings=\"{&quot;background_background&quot;:&quot;classic&quot;}\">\n\t\t\t\t\t<div class=\"e-con-inner\">\n\t\t<div class=\"has_ae_slider elementor-element elementor-element-d5b6c01 e-flex e-con-boxed ae-bg-gallery-type-default e-con e-child\" data-id=\"d5b6c01\" data-element_type=\"container\" data-e-type=\"container\" data-settings=\"{&quot;background_background&quot;:&quot;classic&quot;}\">\n\t\t\t\t\t<div class=\"e-con-inner\">\n\t\t\t\t<div class=\"elementor-element elementor-element-7fbaae6 elementor-widget elementor-widget-heading\" data-id=\"7fbaae6\" data-element_type=\"widget\" data-e-type=\"widget\" data-widget_type=\"heading.default\">\n\t\t\t\t<div class=\"elementor-widget-container\">\n\t\t\t\t\t<h2 class=\"elementor-heading-title elementor-size-default\">OUI!<\/h2>\t\t\t\t<\/div>\n\t\t\t\t<\/div>\n\t\t\t\t<div class=\"elementor-element elementor-element-fd79e99 elementor-widget elementor-widget-text-editor\" data-id=\"fd79e99\" data-element_type=\"widget\" data-e-type=\"widget\" data-widget_type=\"text-editor.default\">\n\t\t\t\t<div class=\"elementor-widget-container\">\n\t\t\t\t\t\t\t\t\t<ul><li>Invoice Ninja est-il vraiment <span class=\"highlight-text\"> GRATUIT ?<\/span><\/li><li>Invoice Ninja <span class=\"highlight-text\">est-il conforme \u00e0 la norme PCI et s\u00e9curis\u00e9 ?<\/span><\/li><li><span class=\"highlight-text\">T\u00e9l\u00e9charger mon logo<\/span> et personnaliser les couleurs pour qu\u2019elles correspondent \u00e0 ma marque ?<\/li><li>Int\u00e9grer plusieurs \u00ab <span class=\"highlight-text\">passerelles de paiement<\/span> \u00bb en m\u00eame temps ? Stripe, PayPal, Authorize, Braintree, Square, Checkout, PayFast et autres&nbsp;? <\/li><li>Configurer <span class=\"highlight-text\">des minimums et des maximums pour les<\/span> paiements par carte de cr\u00e9dit&nbsp;?<\/li><li><span class=\"highlight-text\">R\u00e9percuter les frais de traitement de la carte de cr\u00e9dit<\/span> % sur mes clients ?<\/li><li><span class=\"highlight-text\">Joindre des fichiers et des documents suppl\u00e9mentaires<\/span> aux factures et aux e-mails de devis ?<\/li><li>Ajouter des utilisateurs de compte et <span class=\"highlight-text\">d\u00e9finir des autorisations<\/span> sur ce qu\u2019ils consultent ou cr\u00e9ent&nbsp;?<\/li><li>Offrir <span class=\"highlight-text\">une gestion des stocks <\/span>qui se met \u00e0 jour au fur et \u00e0 mesure que je cr\u00e9e des factures ?<\/li><li>Offrir un <span class=\"highlight-text\">portail c\u00f4t\u00e9 client<\/span> pour consulter les devis et payer les factures ?<\/li><li>Offrir une fonction <span class=\"highlight-text\">de signature \u00e9lectronique<\/span> pour afficher la signature du client sur les factures ?<\/li><li>Activer une<span class=\"highlight-text\"> case \u00e0 cocher<\/span> \u00ab Accepter les conditions \u00bb avant que les clients ne paient ?<\/li><li>Envoyer <span class=\"highlight-text\">des factures par<\/span> e-mail \u00e0 plusieurs contacts clients en m\u00eame temps ?<\/li><li>Les clients peuvent-ils approuver des devis pour les convertir en <span class=\"highlight-text\">factures payables ?<\/span><\/li><li>D\u00e9finir <span class=\"highlight-text\">diff\u00e9rentes devises et devises<\/span> pour diff\u00e9rents clients ?<\/li><li><span class=\"highlight-text\">Puis-je \u00eatre averti<\/span> lorsque mes clients consultent ou paient des factures ?<\/li><li>D\u00e9finir <span class=\"highlight-text\">les taxes \u00ab toutes comprises \u00bb<\/span> ou <span class=\"highlight-text\">\u00ab hors<\/span> taxes par client ou par facture ? \u00bb<\/li><li>D\u00e9finir <span class=\"highlight-text\">plusieurs taxes<\/span> par poste ou par facture ?<\/li><li><span class=\"highlight-text\">Automatiser la fiscalit\u00e9<\/span> en fonction de la localisation de mes clients ?<\/li><\/ul>\t\t\t\t\t\t\t\t<\/div>\n\t\t\t\t<\/div>\n\t\t\t\t\t<\/div>\n\t\t\t\t<\/div>\n\t\t\t\t<div class=\"elementor-element elementor-element-c5426f0 elementor-widget elementor-widget-heading\" data-id=\"c5426f0\" data-element_type=\"widget\" data-e-type=\"widget\" data-widget_type=\"heading.default\">\n\t\t\t\t<div class=\"elementor-widget-container\">\n\t\t\t\t\t<h2 class=\"elementor-heading-title elementor-size-default\">OUI!<\/h2>\t\t\t\t<\/div>\n\t\t\t\t<\/div>\n\t\t<div class=\"has_ae_slider elementor-element elementor-element-b9720a7 e-flex e-con-boxed ae-bg-gallery-type-default e-con e-child\" data-id=\"b9720a7\" data-element_type=\"container\" data-e-type=\"container\" data-settings=\"{&quot;background_background&quot;:&quot;classic&quot;}\">\n\t\t\t\t\t<div class=\"e-con-inner\">\n\t\t\t\t<div class=\"elementor-element elementor-element-f65037c elementor-widget elementor-widget-text-editor\" data-id=\"f65037c\" data-element_type=\"widget\" data-e-type=\"widget\" data-widget_type=\"text-editor.default\">\n\t\t\t\t<div class=\"elementor-widget-container\">\n\t\t\t\t\t\t\t\t\t<ul>\n \t<li>Int\u00e9gration avec <span class=\"highlight-text\">des outils tiers<\/span> via Zapier.com ou make.com ?<\/li>\n \t<li>Pouvons-nous <span class=\"highlight-text\">exporter toutes nos donn\u00e9es<\/span> \u00e0 tout moment ?<\/li>\n \t<li>Pouvons-nous <span class=\"highlight-text\">livrer le travail fini<\/span> \u00e0 nos clients via Invoice Ninja ?<\/li>\n \t<li>Pouvons-nous utiliser Invoice Ninja sans <span class=\"highlight-text\">accord \u00e0 long terme<\/span> ?<\/li>\n \t<li>Pouvons-nous ex\u00e9cuter <span class=\"highlight-text\">des projets simultan\u00e9s<\/span> sur Invoice Ninja ?<\/li>\n \t<li><span class=\"highlight-text\">Cr\u00e9er des fournisseurs<\/span> pour saisir les d\u00e9penses par fournisseur ?<\/li>\n \t<li><span class=\"highlight-text\">Cr\u00e9er des bons de commande<\/span> que je peux envoyer par e-mail aux fournisseurs<\/li>\n \t<li><span class=\"highlight-text\">Cr\u00e9er des d\u00e9penses pour la reddition de comptes<\/span> et\/ou la refacturation aux clients&nbsp;?<\/li>\n \t<li>Vous affectez diff\u00e9rents utilisateurs de compte \u00e0 des <span class=\"highlight-text\">projets ou \u00e0 des t\u00e2ches ?<\/span><\/li>\n \t<li><span class=\"highlight-text\">Cr\u00e9er des rapports P&amp;L<\/span>, des rapports sur les paiements et les factures, des rapports sur les clients&nbsp;?<\/li>\n \t<li>Cr\u00e9er des projets et <span class=\"highlight-text\">suivre le temps des t\u00e2ches facturables ?<\/span><\/li>\n \t<li>Proposez-vous des <span class=\"highlight-text\">tableaux kanban<\/span> pour g\u00e9rer visuellement les projets ?<\/li>\n \t<li>Envoyer des factures via <span class=\"highlight-text\">des comptes Gmail ou MSN ?<\/span><\/li>\n \t<li><span class=\"highlight-text\">Automatiser les<\/span> e-mails de rappel de paiement des factures en retard ?<\/li>\n \t<li>Invoice Ninja dispose-t-il d\u2019une <span class=\"highlight-text\">API<\/span> ?<\/li>\n \t<li>Proposer <span class=\"highlight-text\">des applications de bureau, des applications mobiles, des extensions Chrome ?<\/span><\/li>\n<\/ul>\t\t\t\t\t\t\t\t<\/div>\n\t\t\t\t<\/div>\n\t\t\t\t<div class=\"elementor-element elementor-element-f5f7dab elementor-widget elementor-widget-heading\" data-id=\"f5f7dab\" data-element_type=\"widget\" data-e-type=\"widget\" data-widget_type=\"heading.default\">\n\t\t\t\t<div class=\"elementor-widget-container\">\n\t\t\t\t\t<h2 class=\"elementor-heading-title elementor-size-default\">OUI!<\/h2>\t\t\t\t<\/div>\n\t\t\t\t<\/div>\n\t\t\t\t\t<\/div>\n\t\t\t\t<\/div>\n\t\t\t\t\t<\/div>\n\t\t\t\t<\/div>\n\t\t\t\t\t<\/div>\n\t\t\t\t<\/div>\n\t\t<div class=\"has_ae_slider elementor-element elementor-element-9d4accd e-flex e-con-boxed ae-bg-gallery-type-default e-con e-parent\" data-id=\"9d4accd\" data-element_type=\"container\" data-e-type=\"container\" data-settings=\"{&quot;background_background&quot;:&quot;classic&quot;}\">\n\t\t\t\t\t<div class=\"e-con-inner\">\n\t\t\t\t<div class=\"elementor-element elementor-element-a6da33a elementor-widget elementor-widget-template\" data-id=\"a6da33a\" data-element_type=\"widget\" data-e-type=\"widget\" data-widget_type=\"template.default\">\n\t\t\t\t<div class=\"elementor-widget-container\">\n\t\t\t\t\t\t\t<div class=\"elementor-template\">\n\t\t\t\t\t<div data-elementor-type=\"section\" data-elementor-id=\"44466\" class=\"elementor elementor-44466 elementor-32129 elementor-32129\" data-elementor-post-type=\"elementor_library\">\n\t\t\t\t\t<section class=\"has_ae_slider elementor-section elementor-top-section elementor-element elementor-element-4204997e elementor-section-boxed elementor-section-height-default elementor-section-height-default ae-bg-gallery-type-default\" data-id=\"4204997e\" data-element_type=\"section\" data-e-type=\"section\">\n\t\t\t\t\t\t<div class=\"elementor-container elementor-column-gap-default\">\n\t\t\t\t\t<div class=\"has_ae_slider elementor-column elementor-col-100 elementor-top-column elementor-element elementor-element-7048892c ae-bg-gallery-type-default\" data-id=\"7048892c\" data-element_type=\"column\" data-e-type=\"column\">\n\t\t\t<div class=\"elementor-widget-wrap elementor-element-populated\">\n\t\t\t\t\t\t<div class=\"elementor-element elementor-element-38463018 elementor-widget elementor-widget-heading\" data-id=\"38463018\" data-element_type=\"widget\" data-e-type=\"widget\" data-widget_type=\"heading.default\">\n\t\t\t\t<div class=\"elementor-widget-container\">\n\t\t\t\t\t<h2 class=\"elementor-heading-title elementor-size-default\">Commencez \u00e0 facturer d\u00e8s aujourd\u2019hui !<\/h2>\t\t\t\t<\/div>\n\t\t\t\t<\/div>\n\t\t\t\t<div class=\"elementor-element elementor-element-60d16668 elementor-widget elementor-widget-text-editor\" data-id=\"60d16668\" data-element_type=\"widget\" data-e-type=\"widget\" data-widget_type=\"text-editor.default\">\n\t\t\t\t<div class=\"elementor-widget-container\">\n\t\t\t\t\t\t\t\t\t<p>Cr\u00e9er. Envoyer. Soyez pay\u00e9.  <\/p>\t\t\t\t\t\t\t\t<\/div>\n\t\t\t\t<\/div>\n\t\t\t\t<div class=\"elementor-element elementor-element-2c4d8c8b elementor-align-center button-animation elementor-widget elementor-widget-button\" data-id=\"2c4d8c8b\" data-element_type=\"widget\" data-e-type=\"widget\" data-widget_type=\"button.default\">\n\t\t\t\t<div class=\"elementor-widget-container\">\n\t\t\t\t\t\t\t\t\t<div class=\"elementor-button-wrapper\">\n\t\t\t\t\t<a class=\"elementor-button elementor-button-link elementor-size-sm\" href=\"https:\/\/app.invoicing.co\/#\/register\" target=\"_blank\" rel=\"noopener\">\n\t\t\t\t\t\t<span class=\"elementor-button-content-wrapper\">\n\t\t\t\t\t\t<span class=\"elementor-button-icon\">\n\t\t\t\t<i aria-hidden=\"true\" class=\"fas fa-thumbs-up\"><\/i>\t\t\t<\/span>\n\t\t\t\t\t\t\t\t\t<span class=\"elementor-button-text\">S\u2019enregistrer<\/span>\n\t\t\t\t\t<\/span>\n\t\t\t\t\t<\/a>\n\t\t\t\t<\/div>\n\t\t\t\t\t\t\t\t<\/div>\n\t\t\t\t<\/div>\n\t\t\t\t\t<\/div>\n\t\t<\/div>\n\t\t\t\t\t<\/div>\n\t\t<\/section>\n\t\t\t\t<\/div>\n\t\t\t\t<\/div>\n\t\t\t\t\t\t<\/div>\n\t\t\t\t<\/div>\n\t\t\t\t\t<\/div>\n\t\t\t\t<\/div>\n\t\t\t\t<\/div>\n\t\t","protected":false},"excerpt":{"rendered":"<p>Avec Invoice Ninja, la r\u00e9ponse est toujours OUI ! OUI! OUI! Invoice Ninja est-il vraiment GRATUIT ? Invoice Ninja est-il conforme \u00e0 la norme PCI et s\u00e9curis\u00e9 ? T\u00e9l\u00e9charger mon logo et personnaliser les couleurs pour qu\u2019elles correspondent \u00e0 ma marque ? Int\u00e9grer plusieurs \u00ab passerelles de paiement \u00bb en m\u00eame temps ? Stripe, PayPal, [&hellip;]<\/p>\n","protected":false},"author":3,"featured_media":0,"parent":0,"menu_order":0,"comment_status":"closed","ping_status":"closed","template":"","meta":{"footnotes":""},"class_list":["post-44158","page","type-page","status-publish","hentry"],"_links":{"self":[{"href":"https:\/\/invoiceninja.com\/fr\/wp-json\/wp\/v2\/pages\/44158","targetHints":{"allow":["GET"]}}],"collection":[{"href":"https:\/\/invoiceninja.com\/fr\/wp-json\/wp\/v2\/pages"}],"about":[{"href":"https:\/\/invoiceninja.com\/fr\/wp-json\/wp\/v2\/types\/page"}],"author":[{"embeddable":true,"href":"https:\/\/invoiceninja.com\/fr\/wp-json\/wp\/v2\/users\/3"}],"replies":[{"embeddable":true,"href":"https:\/\/invoiceninja.com\/fr\/wp-json\/wp\/v2\/comments?post=44158"}],"version-history":[{"count":1,"href":"https:\/\/invoiceninja.com\/fr\/wp-json\/wp\/v2\/pages\/44158\/revisions"}],"predecessor-version":[{"id":44159,"href":"https:\/\/invoiceninja.com\/fr\/wp-json\/wp\/v2\/pages\/44158\/revisions\/44159"}],"wp:attachment":[{"href":"https:\/\/invoiceninja.com\/fr\/wp-json\/wp\/v2\/media?parent=44158"}],"curies":[{"name":"wp","href":"https:\/\/api.w.org\/{rel}","templated":true}]}}